{"id":213,"date":"2024-10-27T16:42:59","date_gmt":"2024-10-27T16:42:59","guid":{"rendered":"https:\/\/przionica.rs\/?post_type=product&#038;p=213"},"modified":"2026-01-23T09:15:06","modified_gmt":"2026-01-23T09:15:06","slug":"ethiopia-kochere-boji-grade-1","status":"publish","type":"product","link":"https:\/\/przionica.rs\/lat\/product\/ethiopia-kochere-boji-grade-1\/","title":{"rendered":"Ethiopia Kochere Boji Grade 1"},"content":{"rendered":"<p>\u041a\u0430\u0444a \u0410\u0440\u0430\u0431\u0438\u043a\u0430 \u0441\u0430 \u0458\u0435\u0434\u0438\u043d\u0441\u0442\u0432\u0435\u043d\u0438\u043c \u043f\u043e\u0440\u0435\u043a\u043b\u043e\u043c \u0438\u0437 \u0415\u0442\u0438\u043e\u043f\u0438\u0458\u0435.<\/p>\n<p>\u0421\u043e\u0440\u0442\u0430: JARC Varieties.<\/p>\n<p>\u041e\u0431\u0440\u0430\u0434\u0430: Fully Washed<\/p>","protected":false},"excerpt":{"rendered":"<p>Kafa arabika sa jedinstvenim poreklom iz Etiopije.<\/p>\n<p>Sorta: JARC Varieties.<\/p>\n<p>Obrada: Fully Washed<\/p>","protected":false},"featured_media":300,"comment_status":"open","ping_status":"closed","template":"","meta":[],"product_cat":[33],"product_tag":[],"class_list":{"0":"post-213","1":"product","2":"type-product","3":"status-publish","4":"has-post-thumbnail","6":"product_cat-kafa","8":"first","9":"outofstock","10":"taxable","11":"shipping-taxable","12":"purchasable","13":"product-type-variable"},"yoast_head":"<!-- This site is optimized with the Yoast SEO plugin v27.0 - https:\/\/yoast.com\/product\/yoast-seo-wordpress\/ -->\n<title>Ethiopia Kochere Boji Grade 1 | Pr\u017eionica<\/title>\n<meta name=\"robots\" content=\"noindex, follow\" \/>\n<meta property=\"og:locale\" content=\"hr_HR\" \/>\n<meta property=\"og:type\" content=\"article\" \/>\n<meta property=\"og:title\" content=\"Ethiopia Kochere Boji Grade 1 | Pr\u017eionica\" \/>\n<meta property=\"og:description\" content=\"Kafa arabika sa jedinstvenim poreklom iz Etiopije.  Sorta: JARC Varieties.  Obrada: Fully Washed\" \/>\n<meta property=\"og:url\" content=\"https:\/\/przionica.rs\/lat\/product\/ethiopia-kochere-boji-grade-1\/\" \/>\n<meta property=\"og:site_name\" content=\"Pr\u017eionica\" \/>\n<meta property=\"article:publisher\" content=\"https:\/\/www.facebook.com\/przionicabg\" \/>\n<meta property=\"article:modified_time\" content=\"2026-01-23T09:15:06+00:00\" \/>\n<meta property=\"og:image\" content=\"https:\/\/przionica.rs\/wp-content\/uploads\/2024\/10\/EthiopiaKochereBojiGrade4_1.jpg\" \/>\n\t<meta property=\"og:image:width\" content=\"1200\" \/>\n\t<meta property=\"og:image:height\" content=\"1200\" \/>\n\t<meta property=\"og:image:type\" content=\"image\/jpeg\" \/>\n<meta name=\"twitter:card\" content=\"summary_large_image\" \/>\n<script type=\"application\/ld+json\" class=\"yoast-schema-graph\">{\"@context\":\"https:\/\/schema.org\",\"@graph\":[{\"@type\":\"WebPage\",\"@id\":\"https:\/\/przionica.rs\/product\/ethiopia-kochere-boji-grade-1\/\",\"url\":\"https:\/\/przionica.rs\/product\/ethiopia-kochere-boji-grade-1\/\",\"name\":\"Ethiopia Kochere Boji Grade 1 | Pr\u017eionica\",\"isPartOf\":{\"@id\":\"https:\/\/przionica.rs\/#website\"},\"primaryImageOfPage\":{\"@id\":\"https:\/\/przionica.rs\/product\/ethiopia-kochere-boji-grade-1\/#primaryimage\"},\"image\":{\"@id\":\"https:\/\/przionica.rs\/product\/ethiopia-kochere-boji-grade-1\/#primaryimage\"},\"thumbnailUrl\":\"https:\/\/przionica.rs\/wp-content\/uploads\/2024\/10\/EthiopiaKochereBojiGrade4_1.jpg\",\"datePublished\":\"2024-10-27T16:42:59+00:00\",\"dateModified\":\"2026-01-23T09:15:06+00:00\",\"breadcrumb\":{\"@id\":\"https:\/\/przionica.rs\/product\/ethiopia-kochere-boji-grade-1\/#breadcrumb\"},\"inLanguage\":\"hr\",\"potentialAction\":[{\"@type\":\"ReadAction\",\"target\":[\"https:\/\/przionica.rs\/product\/ethiopia-kochere-boji-grade-1\/\"]}]},{\"@type\":\"ImageObject\",\"inLanguage\":\"hr\",\"@id\":\"https:\/\/przionica.rs\/product\/ethiopia-kochere-boji-grade-1\/#primaryimage\",\"url\":\"https:\/\/przionica.rs\/wp-content\/uploads\/2024\/10\/EthiopiaKochereBojiGrade4_1.jpg\",\"contentUrl\":\"https:\/\/przionica.rs\/wp-content\/uploads\/2024\/10\/EthiopiaKochereBojiGrade4_1.jpg\",\"width\":1200,\"height\":1200},{\"@type\":\"BreadcrumbList\",\"@id\":\"https:\/\/przionica.rs\/product\/ethiopia-kochere-boji-grade-1\/#breadcrumb\",\"itemListElement\":[{\"@type\":\"ListItem\",\"position\":1,\"name\":\"Home\",\"item\":\"https:\/\/przionica.rs\/\"},{\"@type\":\"ListItem\",\"position\":2,\"name\":\"Shop\",\"item\":\"https:\/\/przionica.rs\/shop\/\"},{\"@type\":\"ListItem\",\"position\":3,\"name\":\"Ethiopia Kochere Boji Grade 1\"}]},{\"@type\":\"WebSite\",\"@id\":\"https:\/\/przionica.rs\/#website\",\"url\":\"https:\/\/przionica.rs\/\",\"name\":\"Pr\u017eionica\",\"description\":\"Pr\u017eionica je mnogo vi\u0161e od mesta gde se pije kafa\",\"publisher\":{\"@id\":\"https:\/\/przionica.rs\/#organization\"},\"potentialAction\":[{\"@type\":\"SearchAction\",\"target\":{\"@type\":\"EntryPoint\",\"urlTemplate\":\"https:\/\/przionica.rs\/?s={search_term_string}\"},\"query-input\":{\"@type\":\"PropertyValueSpecification\",\"valueRequired\":true,\"valueName\":\"search_term_string\"}}],\"inLanguage\":\"hr\"},{\"@type\":\"Organization\",\"@id\":\"https:\/\/przionica.rs\/#organization\",\"name\":\"Pr\u017eionica\",\"url\":\"https:\/\/przionica.rs\/\",\"logo\":{\"@type\":\"ImageObject\",\"inLanguage\":\"hr\",\"@id\":\"https:\/\/przionica.rs\/#\/schema\/logo\/image\/\",\"url\":\"https:\/\/przionica.rs\/wp-content\/uploads\/2026\/02\/favicon.png\",\"contentUrl\":\"https:\/\/przionica.rs\/wp-content\/uploads\/2026\/02\/favicon.png\",\"width\":180,\"height\":180,\"caption\":\"Pr\u017eionica\"},\"image\":{\"@id\":\"https:\/\/przionica.rs\/#\/schema\/logo\/image\/\"},\"sameAs\":[\"https:\/\/www.facebook.com\/przionicabg\",\"https:\/\/www.instagram.com\/przionicabg\/\"]}]}<\/script>\n<!-- \/ Yoast SEO plugin. -->","yoast_head_json":{"title":"Ethiopia Kochere Boji Grade 1 | Pr\u017eionica","robots":{"index":"noindex","follow":"follow"},"og_locale":"hr_HR","og_type":"article","og_title":"Ethiopia Kochere Boji Grade 1 | Pr\u017eionica","og_description":"Kafa arabika sa jedinstvenim poreklom iz Etiopije.  Sorta: JARC Varieties.  Obrada: Fully Washed","og_url":"https:\/\/przionica.rs\/lat\/product\/ethiopia-kochere-boji-grade-1\/","og_site_name":"Pr\u017eionica","article_publisher":"https:\/\/www.facebook.com\/przionicabg","article_modified_time":"2026-01-23T09:15:06+00:00","og_image":[{"width":1200,"height":1200,"url":"https:\/\/przionica.rs\/wp-content\/uploads\/2024\/10\/EthiopiaKochereBojiGrade4_1.jpg","type":"image\/jpeg"}],"twitter_card":"summary_large_image","schema":{"@context":"https:\/\/schema.org","@graph":[{"@type":"WebPage","@id":"https:\/\/przionica.rs\/product\/ethiopia-kochere-boji-grade-1\/","url":"https:\/\/przionica.rs\/product\/ethiopia-kochere-boji-grade-1\/","name":"Ethiopia Kochere Boji Grade 1 | Pr\u017eionica","isPartOf":{"@id":"https:\/\/przionica.rs\/#website"},"primaryImageOfPage":{"@id":"https:\/\/przionica.rs\/product\/ethiopia-kochere-boji-grade-1\/#primaryimage"},"image":{"@id":"https:\/\/przionica.rs\/product\/ethiopia-kochere-boji-grade-1\/#primaryimage"},"thumbnailUrl":"https:\/\/przionica.rs\/wp-content\/uploads\/2024\/10\/EthiopiaKochereBojiGrade4_1.jpg","datePublished":"2024-10-27T16:42:59+00:00","dateModified":"2026-01-23T09:15:06+00:00","breadcrumb":{"@id":"https:\/\/przionica.rs\/product\/ethiopia-kochere-boji-grade-1\/#breadcrumb"},"inLanguage":"hr","potentialAction":[{"@type":"ReadAction","target":["https:\/\/przionica.rs\/product\/ethiopia-kochere-boji-grade-1\/"]}]},{"@type":"ImageObject","inLanguage":"hr","@id":"https:\/\/przionica.rs\/product\/ethiopia-kochere-boji-grade-1\/#primaryimage","url":"https:\/\/przionica.rs\/wp-content\/uploads\/2024\/10\/EthiopiaKochereBojiGrade4_1.jpg","contentUrl":"https:\/\/przionica.rs\/wp-content\/uploads\/2024\/10\/EthiopiaKochereBojiGrade4_1.jpg","width":1200,"height":1200},{"@type":"BreadcrumbList","@id":"https:\/\/przionica.rs\/product\/ethiopia-kochere-boji-grade-1\/#breadcrumb","itemListElement":[{"@type":"ListItem","position":1,"name":"Home","item":"https:\/\/przionica.rs\/"},{"@type":"ListItem","position":2,"name":"Shop","item":"https:\/\/przionica.rs\/shop\/"},{"@type":"ListItem","position":3,"name":"Ethiopia Kochere Boji Grade 1"}]},{"@type":"WebSite","@id":"https:\/\/przionica.rs\/#website","url":"https:\/\/przionica.rs\/","name":"Pr\u017eionica","description":"Pr\u017eionica je mnogo vi\u0161e od mesta gde se pije kafa","publisher":{"@id":"https:\/\/przionica.rs\/#organization"},"potentialAction":[{"@type":"SearchAction","target":{"@type":"EntryPoint","urlTemplate":"https:\/\/przionica.rs\/?s={search_term_string}"},"query-input":{"@type":"PropertyValueSpecification","valueRequired":true,"valueName":"search_term_string"}}],"inLanguage":"hr"},{"@type":"Organization","@id":"https:\/\/przionica.rs\/#organization","name":"Pr\u017eionica","url":"https:\/\/przionica.rs\/","logo":{"@type":"ImageObject","inLanguage":"hr","@id":"https:\/\/przionica.rs\/#\/schema\/logo\/image\/","url":"https:\/\/przionica.rs\/wp-content\/uploads\/2026\/02\/favicon.png","contentUrl":"https:\/\/przionica.rs\/wp-content\/uploads\/2026\/02\/favicon.png","width":180,"height":180,"caption":"Pr\u017eionica"},"image":{"@id":"https:\/\/przionica.rs\/#\/schema\/logo\/image\/"},"sameAs":["https:\/\/www.facebook.com\/przionicabg","https:\/\/www.instagram.com\/przionicabg\/"]}]}},"_links":{"self":[{"href":"https:\/\/przionica.rs\/lat\/wp-json\/wp\/v2\/product\/213","targetHints":{"allow":["GET"]}}],"collection":[{"href":"https:\/\/przionica.rs\/lat\/wp-json\/wp\/v2\/product"}],"about":[{"href":"https:\/\/przionica.rs\/lat\/wp-json\/wp\/v2\/types\/product"}],"replies":[{"embeddable":true,"href":"https:\/\/przionica.rs\/lat\/wp-json\/wp\/v2\/comments?post=213"}],"wp:featuredmedia":[{"embeddable":true,"href":"https:\/\/przionica.rs\/lat\/wp-json\/wp\/v2\/media\/300"}],"wp:attachment":[{"href":"https:\/\/przionica.rs\/lat\/wp-json\/wp\/v2\/media?parent=213"}],"wp:term":[{"taxonomy":"product_cat","embeddable":true,"href":"https:\/\/przionica.rs\/lat\/wp-json\/wp\/v2\/product_cat?post=213"},{"taxonomy":"product_tag","embeddable":true,"href":"https:\/\/przionica.rs\/lat\/wp-json\/wp\/v2\/product_tag?post=213"}],"curies":[{"name":"wp","href":"https:\/\/api.w.org\/{rel}","templated":true}]}}