{"id":162,"date":"2024-10-09T16:46:43","date_gmt":"2024-10-09T16:46:43","guid":{"rendered":"https:\/\/przionica.rs\/?post_type=product&#038;p=162"},"modified":"2026-01-23T09:16:11","modified_gmt":"2026-01-23T09:16:11","slug":"aeropress-filteri","status":"publish","type":"product","link":"https:\/\/przionica.rs\/lat\/product\/aeropress-filteri\/","title":{"rendered":"Aeropress filteri"},"content":{"rendered":"","protected":false},"excerpt":{"rendered":"","protected":false},"featured_media":312,"comment_status":"open","ping_status":"closed","template":"","meta":[],"product_cat":[32],"product_tag":[],"class_list":{"0":"post-162","1":"product","2":"type-product","3":"status-publish","4":"has-post-thumbnail","6":"product_cat-coffee-preparation-equipment","8":"first","9":"outofstock","10":"taxable","11":"shipping-taxable","12":"purchasable","13":"product-type-simple"},"yoast_head":"<!-- This site is optimized with the Yoast SEO plugin v27.0 - https:\/\/yoast.com\/product\/yoast-seo-wordpress\/ -->\n<title>Aeropress filteri | Pr\u017eionica<\/title>\n<meta name=\"robots\" content=\"noindex, follow\" \/>\n<meta property=\"og:locale\" content=\"hr_HR\" \/>\n<meta property=\"og:type\" content=\"article\" \/>\n<meta property=\"og:title\" content=\"Aeropress filteri | Pr\u017eionica\" \/>\n<meta property=\"og:url\" content=\"https:\/\/przionica.rs\/lat\/product\/aeropress-filteri\/\" \/>\n<meta property=\"og:site_name\" content=\"Pr\u017eionica\" \/>\n<meta property=\"article:publisher\" content=\"https:\/\/www.facebook.com\/przionicabg\" \/>\n<meta property=\"article:modified_time\" content=\"2026-01-23T09:16:11+00:00\" \/>\n<meta property=\"og:image\" content=\"https:\/\/przionica.rs\/wp-content\/uploads\/2024\/10\/aeropress-new1.jpg\" \/>\n\t<meta property=\"og:image:width\" content=\"1200\" \/>\n\t<meta property=\"og:image:height\" content=\"1200\" \/>\n\t<meta property=\"og:image:type\" content=\"image\/jpeg\" \/>\n<meta name=\"twitter:card\" content=\"summary_large_image\" \/>\n<script type=\"application\/ld+json\" class=\"yoast-schema-graph\">{\"@context\":\"https:\/\/schema.org\",\"@graph\":[{\"@type\":\"WebPage\",\"@id\":\"https:\/\/przionica.rs\/product\/aeropress-filteri\/\",\"url\":\"https:\/\/przionica.rs\/product\/aeropress-filteri\/\",\"name\":\"Aeropress filteri | Pr\u017eionica\",\"isPartOf\":{\"@id\":\"https:\/\/przionica.rs\/#website\"},\"primaryImageOfPage\":{\"@id\":\"https:\/\/przionica.rs\/product\/aeropress-filteri\/#primaryimage\"},\"image\":{\"@id\":\"https:\/\/przionica.rs\/product\/aeropress-filteri\/#primaryimage\"},\"thumbnailUrl\":\"https:\/\/przionica.rs\/wp-content\/uploads\/2024\/10\/aeropress-new1.jpg\",\"datePublished\":\"2024-10-09T16:46:43+00:00\",\"dateModified\":\"2026-01-23T09:16:11+00:00\",\"breadcrumb\":{\"@id\":\"https:\/\/przionica.rs\/product\/aeropress-filteri\/#breadcrumb\"},\"inLanguage\":\"hr\",\"potentialAction\":[{\"@type\":\"ReadAction\",\"target\":[\"https:\/\/przionica.rs\/product\/aeropress-filteri\/\"]}]},{\"@type\":\"ImageObject\",\"inLanguage\":\"hr\",\"@id\":\"https:\/\/przionica.rs\/product\/aeropress-filteri\/#primaryimage\",\"url\":\"https:\/\/przionica.rs\/wp-content\/uploads\/2024\/10\/aeropress-new1.jpg\",\"contentUrl\":\"https:\/\/przionica.rs\/wp-content\/uploads\/2024\/10\/aeropress-new1.jpg\",\"width\":1200,\"height\":1200},{\"@type\":\"BreadcrumbList\",\"@id\":\"https:\/\/przionica.rs\/product\/aeropress-filteri\/#breadcrumb\",\"itemListElement\":[{\"@type\":\"ListItem\",\"position\":1,\"name\":\"Home\",\"item\":\"https:\/\/przionica.rs\/\"},{\"@type\":\"ListItem\",\"position\":2,\"name\":\"Shop\",\"item\":\"https:\/\/przionica.rs\/shop\/\"},{\"@type\":\"ListItem\",\"position\":3,\"name\":\"Aeropress filteri\"}]},{\"@type\":\"WebSite\",\"@id\":\"https:\/\/przionica.rs\/#website\",\"url\":\"https:\/\/przionica.rs\/\",\"name\":\"Pr\u017eionica\",\"description\":\"Pr\u017eionica je mnogo vi\u0161e od mesta gde se pije kafa\",\"publisher\":{\"@id\":\"https:\/\/przionica.rs\/#organization\"},\"potentialAction\":[{\"@type\":\"SearchAction\",\"target\":{\"@type\":\"EntryPoint\",\"urlTemplate\":\"https:\/\/przionica.rs\/?s={search_term_string}\"},\"query-input\":{\"@type\":\"PropertyValueSpecification\",\"valueRequired\":true,\"valueName\":\"search_term_string\"}}],\"inLanguage\":\"hr\"},{\"@type\":\"Organization\",\"@id\":\"https:\/\/przionica.rs\/#organization\",\"name\":\"Pr\u017eionica\",\"url\":\"https:\/\/przionica.rs\/\",\"logo\":{\"@type\":\"ImageObject\",\"inLanguage\":\"hr\",\"@id\":\"https:\/\/przionica.rs\/#\/schema\/logo\/image\/\",\"url\":\"https:\/\/przionica.rs\/wp-content\/uploads\/2026\/02\/favicon.png\",\"contentUrl\":\"https:\/\/przionica.rs\/wp-content\/uploads\/2026\/02\/favicon.png\",\"width\":180,\"height\":180,\"caption\":\"Pr\u017eionica\"},\"image\":{\"@id\":\"https:\/\/przionica.rs\/#\/schema\/logo\/image\/\"},\"sameAs\":[\"https:\/\/www.facebook.com\/przionicabg\",\"https:\/\/www.instagram.com\/przionicabg\/\"]}]}<\/script>\n<!-- \/ Yoast SEO plugin. -->","yoast_head_json":{"title":"Aeropress filteri | Pr\u017eionica","robots":{"index":"noindex","follow":"follow"},"og_locale":"hr_HR","og_type":"article","og_title":"Aeropress filteri | Pr\u017eionica","og_url":"https:\/\/przionica.rs\/lat\/product\/aeropress-filteri\/","og_site_name":"Pr\u017eionica","article_publisher":"https:\/\/www.facebook.com\/przionicabg","article_modified_time":"2026-01-23T09:16:11+00:00","og_image":[{"width":1200,"height":1200,"url":"https:\/\/przionica.rs\/wp-content\/uploads\/2024\/10\/aeropress-new1.jpg","type":"image\/jpeg"}],"twitter_card":"summary_large_image","schema":{"@context":"https:\/\/schema.org","@graph":[{"@type":"WebPage","@id":"https:\/\/przionica.rs\/product\/aeropress-filteri\/","url":"https:\/\/przionica.rs\/product\/aeropress-filteri\/","name":"Aeropress filteri | Pr\u017eionica","isPartOf":{"@id":"https:\/\/przionica.rs\/#website"},"primaryImageOfPage":{"@id":"https:\/\/przionica.rs\/product\/aeropress-filteri\/#primaryimage"},"image":{"@id":"https:\/\/przionica.rs\/product\/aeropress-filteri\/#primaryimage"},"thumbnailUrl":"https:\/\/przionica.rs\/wp-content\/uploads\/2024\/10\/aeropress-new1.jpg","datePublished":"2024-10-09T16:46:43+00:00","dateModified":"2026-01-23T09:16:11+00:00","breadcrumb":{"@id":"https:\/\/przionica.rs\/product\/aeropress-filteri\/#breadcrumb"},"inLanguage":"hr","potentialAction":[{"@type":"ReadAction","target":["https:\/\/przionica.rs\/product\/aeropress-filteri\/"]}]},{"@type":"ImageObject","inLanguage":"hr","@id":"https:\/\/przionica.rs\/product\/aeropress-filteri\/#primaryimage","url":"https:\/\/przionica.rs\/wp-content\/uploads\/2024\/10\/aeropress-new1.jpg","contentUrl":"https:\/\/przionica.rs\/wp-content\/uploads\/2024\/10\/aeropress-new1.jpg","width":1200,"height":1200},{"@type":"BreadcrumbList","@id":"https:\/\/przionica.rs\/product\/aeropress-filteri\/#breadcrumb","itemListElement":[{"@type":"ListItem","position":1,"name":"Home","item":"https:\/\/przionica.rs\/"},{"@type":"ListItem","position":2,"name":"Shop","item":"https:\/\/przionica.rs\/shop\/"},{"@type":"ListItem","position":3,"name":"Aeropress filteri"}]},{"@type":"WebSite","@id":"https:\/\/przionica.rs\/#website","url":"https:\/\/przionica.rs\/","name":"Pr\u017eionica","description":"Pr\u017eionica je mnogo vi\u0161e od mesta gde se pije kafa","publisher":{"@id":"https:\/\/przionica.rs\/#organization"},"potentialAction":[{"@type":"SearchAction","target":{"@type":"EntryPoint","urlTemplate":"https:\/\/przionica.rs\/?s={search_term_string}"},"query-input":{"@type":"PropertyValueSpecification","valueRequired":true,"valueName":"search_term_string"}}],"inLanguage":"hr"},{"@type":"Organization","@id":"https:\/\/przionica.rs\/#organization","name":"Pr\u017eionica","url":"https:\/\/przionica.rs\/","logo":{"@type":"ImageObject","inLanguage":"hr","@id":"https:\/\/przionica.rs\/#\/schema\/logo\/image\/","url":"https:\/\/przionica.rs\/wp-content\/uploads\/2026\/02\/favicon.png","contentUrl":"https:\/\/przionica.rs\/wp-content\/uploads\/2026\/02\/favicon.png","width":180,"height":180,"caption":"Pr\u017eionica"},"image":{"@id":"https:\/\/przionica.rs\/#\/schema\/logo\/image\/"},"sameAs":["https:\/\/www.facebook.com\/przionicabg","https:\/\/www.instagram.com\/przionicabg\/"]}]}},"_links":{"self":[{"href":"https:\/\/przionica.rs\/lat\/wp-json\/wp\/v2\/product\/162","targetHints":{"allow":["GET"]}}],"collection":[{"href":"https:\/\/przionica.rs\/lat\/wp-json\/wp\/v2\/product"}],"about":[{"href":"https:\/\/przionica.rs\/lat\/wp-json\/wp\/v2\/types\/product"}],"replies":[{"embeddable":true,"href":"https:\/\/przionica.rs\/lat\/wp-json\/wp\/v2\/comments?post=162"}],"wp:featuredmedia":[{"embeddable":true,"href":"https:\/\/przionica.rs\/lat\/wp-json\/wp\/v2\/media\/312"}],"wp:attachment":[{"href":"https:\/\/przionica.rs\/lat\/wp-json\/wp\/v2\/media?parent=162"}],"wp:term":[{"taxonomy":"product_cat","embeddable":true,"href":"https:\/\/przionica.rs\/lat\/wp-json\/wp\/v2\/product_cat?post=162"},{"taxonomy":"product_tag","embeddable":true,"href":"https:\/\/przionica.rs\/lat\/wp-json\/wp\/v2\/product_tag?post=162"}],"curies":[{"name":"wp","href":"https:\/\/api.w.org\/{rel}","templated":true}]}}